{"id":101,"date":"2019-11-22T23:47:40","date_gmt":"2019-11-22T21:47:40","guid":{"rendered":"https:\/\/trimport.wordpress.com\/?page_id=101"},"modified":"2023-08-22T09:11:55","modified_gmt":"2023-08-22T09:11:55","slug":"gemeindehaus","status":"publish","type":"page","link":"https:\/\/www.trimport.de\/?page_id=101","title":{"rendered":"Gemeindehaus"},"content":{"rendered":"\r\n\r\n\r\n<p>Das Gemeindehaus wurde in seiner jetzigen Form 2016 fertiggestellt. Die Dorfgemeinschaft hat daf\u00fcr \u00fcber 6000 unentgeltliche Arbeitsstunden geleistet.<\/p>\r\nngg_shortcode_0_placeholder\r\n\r\n\r\n\r\n<p>Im gro\u00dfen Saal ist Platz f\u00fcr 200 Personen, im kleinen Saal f\u00fcr etwa 50 Personen. Im Gemeindehaus gibt es eine gut ausgestattete K\u00fcche mit Geschirr und eine Theke mit Zapfanlage und allem notwendigen Zubeh\u00f6r, wie Gl\u00e4ser, K\u00fchlschr\u00e4nke etc. Die Toiletten entsprechen neuesten Standards und sind nat\u00fcrlich auch behindertengerecht.<\/p>\r\n\r\nngg_shortcode_1_placeholder\r\nngg_shortcode_2_placeholder\r\n\r\n<p>Im Au\u00dfengel\u00e4nde steht eine fest eingebaute K\u00fcche mit Frittiereinrichtung, Grill und Herd zur Verf\u00fcgung. Die Au\u00dfenk\u00fcche mit den Toiletten und dem Au\u00dfengel\u00e4nde kann auch separat gemietet werden.<\/p>\r\n\r\n\r\n\r\n<p>Das Gemeindehaus kann f\u00fcr Famileinfeiern und Feste gemietet werden.<\/p>\r\n<p>Daf\u00fcr gelten folgende Geb\u00fchren.<\/p>\r\n\r\n\r\n\r\n\r\n\r\n<figure class=\"wp-block-table\">\r\n<table style=\"height: 701px;\" width=\"684\">\r\n<tbody>\r\n<tr>\r\n<td>Geb\u00fchren<\/td>\r\n<td>&nbsp;<\/td>\r\n<td>&nbsp;<\/td>\r\n<td>&nbsp;<\/td>\r\n<\/tr>\r\n<tr>\r\n<td>&nbsp;<\/td>\r\n<td>Einheimische<\/td>\r\n<td>Ausw\u00e4rtige<\/td>\r\n<td>Seife \/Papierhandt\u00fccher \/M\u00fclltonne<\/td>\r\n<\/tr>\r\n<tr>\r\n<td>Tanzveranstaltung<\/td>\r\n<td>100 \u20ac<\/td>\r\n<td>nach Vereinbarung min. 200 \u20ac<\/td>\r\n<td>8 \u20ac<\/td>\r\n<\/tr>\r\n<tr>\r\n<td>Familienfeier<\/td>\r\n<td>50 \u20ac<\/td>\r\n<td>100 \u20ac<\/td>\r\n<td>5 \u20ac<\/td>\r\n<\/tr>\r\n<tr>\r\n<td>Hochzeit<\/td>\r\n<td>75 \u20ac<\/td>\r\n<td>100 \u20ac<\/td>\r\n<td>&nbsp;<\/td>\r\n<\/tr>\r\n<tr>\r\n<td>Beerdigung<\/td>\r\n<td>25 \u20ac<\/td>\r\n<td>50 \u20ac<\/td>\r\n<td>&nbsp;<\/td>\r\n<\/tr>\r\n<tr>\r\n<td>Frittenbude inklusive Au\u00dfengel\u00e4nde und Toiletten<\/td>\r\n<td>25 \u20ac<\/td>\r\n<td>25 \u20ac<\/td>\r\n<td>&nbsp;<\/td>\r\n<\/tr>\r\n<tr>\r\n<td>&nbsp;<\/td>\r\n<td>&nbsp;<\/td>\r\n<td>&nbsp;<\/td>\r\n<td>&nbsp;<\/td>\r\n<\/tr>\r\n<tr>\r\n<td>Bei Polterabenden wird zudem eine Kaution von 350\u20ac erhoben, wegen eventuell entstehender Reinigungskosten<\/td>\r\n<\/tr>\r\n<\/tbody>\r\n<\/table>\r\n<\/figure>\r\n\r\n<p>&nbsp;<\/p>\r\n\r\n<p>Das Gemeindehaus ist zur Zeit an folgenden Tagen belegt.<\/p>\r\n\r\n\r\n\r\n<p class=\"has-small-font-size\">F\u00fcr Details bitte anklicken<\/p>\r\n\r\n\r\n\r\n\r\n\r\n<div class=\"wp-block-group\">\r\n<div class=\"wp-block-group__inner-container is-layout-flow wp-block-group-is-layout-flow\"> <iframe loading=\"lazy\" style=\"border: 0;\" src=\"https:\/\/calendar.google.com\/calendar\/embed?src=ik0fidjuhmu4ktcc5mbflhq188%40group.calendar.google.com&amp;ctz=Europe%2FBerlin\" width=\"800\" height=\"600\" frameborder=\"0\" scrolling=\"no\"><\/iframe> <\/div>\r\n<\/div>\r\n\r\n<p><!--StartFragment--><\/p>\r\n\r\n<div class=\"wp-block-columns alignwide has-2-columns is-layout-flex wp-container-core-columns-is-layout-9d6595d7 wp-block-columns-is-layout-flex\">\r\n<div class=\"wp-block-column is-layout-flow wp-block-column-is-layout-flow\">\r\n<p>Terminanfragen zum Gemeindehaus bitte an<\/p>\r\n<p>Tanja Bares<\/p>\r\n<p>Telefonnummer &nbsp; &nbsp; &nbsp; 06562 \/ 9312248<\/p>\r\n\r\n\r\n\r\n<p>oder E-mail &nbsp; &nbsp; &nbsp; &nbsp; &nbsp; &nbsp; &nbsp;&nbsp;&nbsp; buergermeister@trimport.de<\/p>\r\n<\/div>\r\n\r\n\r\n\r\n<div class=\"wp-block-column is-vertically-aligned-top is-layout-flow wp-block-column-is-layout-flow\">&nbsp;<\/div>\r\n<\/div>\r\n\r\n<p><!--EndFragment--><\/p>","protected":false},"excerpt":{"rendered":"<p>Das Gemeindehaus wurde in seiner jetzigen Form 2016 fertiggestellt. Die Dorfgemeinschaft hat daf\u00fcr \u00fcber 6000 unentgeltliche Arbeitsstunden geleistet. Im gro\u00dfen Saal ist Platz f\u00fcr 200 Personen, im kleinen Saal f\u00fcr etwa 50 Personen. Im Gemeindehaus gibt es eine gut ausgestattete K\u00fcche mit Geschirr und eine Theke mit Zapfanlage und allem notwendigen Zubeh\u00f6r, wie Gl\u00e4ser, K\u00fchlschr\u00e4nke &hellip; <\/p>\n<p class=\"link-more\"><a href=\"https:\/\/www.trimport.de\/?page_id=101\" class=\"more-link\"><span class=\"screen-reader-text\">\u201eGemeindehaus\u201c <\/span>weiterlesen<\/a><\/p>\n","protected":false},"author":1,"featured_media":0,"parent":0,"menu_order":0,"comment_status":"closed","ping_status":"closed","template":"","meta":{"ngg_post_thumbnail":0,"footnotes":""},"class_list":["post-101","page","type-page","status-publish","hentry"],"_links":{"self":[{"href":"https:\/\/www.trimport.de\/index.php?rest_route=\/wp\/v2\/pages\/101","targetHints":{"allow":["GET"]}}],"collection":[{"href":"https:\/\/www.trimport.de\/index.php?rest_route=\/wp\/v2\/pages"}],"about":[{"href":"https:\/\/www.trimport.de\/index.php?rest_route=\/wp\/v2\/types\/page"}],"author":[{"embeddable":true,"href":"https:\/\/www.trimport.de\/index.php?rest_route=\/wp\/v2\/users\/1"}],"replies":[{"embeddable":true,"href":"https:\/\/www.trimport.de\/index.php?rest_route=%2Fwp%2Fv2%2Fcomments&post=101"}],"version-history":[{"count":23,"href":"https:\/\/www.trimport.de\/index.php?rest_route=\/wp\/v2\/pages\/101\/revisions"}],"predecessor-version":[{"id":1998,"href":"https:\/\/www.trimport.de\/index.php?rest_route=\/wp\/v2\/pages\/101\/revisions\/1998"}],"wp:attachment":[{"href":"https:\/\/www.trimport.de\/index.php?rest_route=%2Fwp%2Fv2%2Fmedia&parent=101"}],"curies":[{"name":"wp","href":"https:\/\/api.w.org\/{rel}","templated":true}]}}