{"id":187,"date":"2019-11-25T19:07:12","date_gmt":"2019-11-25T17:07:12","guid":{"rendered":"https:\/\/trimport.wordpress.com\/?page_id=187"},"modified":"2020-02-13T14:41:13","modified_gmt":"2020-02-13T14:41:13","slug":"hobby-und-bauernmarkt","status":"publish","type":"page","link":"https:\/\/www.trimport.de\/?page_id=187","title":{"rendered":"Hobby- und Bauernmarkt"},"content":{"rendered":"\r\n<p class=\"has-medium-font-size\">immer am ersten Sonntag im Oktober<\/p>\r\n\r\n\r\n\r\n<div class=\"wp-block-coblocks-gallery-stacked alignfull\">\r\n<p>&nbsp;<\/p>\r\n<figure class=\"coblocks-gallery--figure\"><\/figure>\r\n<\/div>\r\n\r\n\r\n\r\n<p>Der Grundstein zum Hobby- und Bauernmarkt wurde 1993 bei der 1100-Jahr-Feier in Trimport gelegt. Damals wurden im ganzen Dorf an verschiedenen Orten die einzelnen Handwerksz\u00fcnfte vorgestellt, gezeigt und deren Erzeugnisse auch angeboten und verkauft. Nach der Feier waren sich alle einig, ein solches Fest zu wiederholen. Es entstand die Idee zu einem allj\u00e4hrlichen Hobby- und Bauernmarkt, bei dem Produkte aus Landwirtschaft, Handwerk und Hobby gezeigt und auch angeboten werden sollten.<\/p>\r\nngg_shortcode_0_placeholder\r\n\r\n\r\n\r\n<p>Der erste Hobby- und Bauernmarkt fand dann am 15. September 1996 in Trimport statt. Seither findet der Markt immer am ersten Sonntag im Oktober statt. Im Jahr 2020 also zum 25.ten Mal.<\/p>\r\n\r\n\r\n\r\n<p>Nat\u00fcrlich geh\u00f6rt zu einem solchen Fest auch gutes Essen und Trinken. Daf\u00fcr sorgt am ersten Sonntag im Oktober die ganze Dorfgemeinschaft. Mit Hefetorten aus dem gro\u00dfen Backofen, selbst gebackenen Kuchen der Trimporter Frauen, Krumbeerschnittchen und einem Mittagsmahl zu einem fairen Preis, ist f\u00fcr das leibliche Wohl bestens gesorgt.<\/p>\r\n\r\n\r\n\r\n<div class=\"wp-block-jetpack-tiled-gallery aligncenter is-style-rectangular\">\r\n<div class=\"tiled-gallery__gallery\">\r\n<div class=\"tiled-gallery__row\">\r\n<div class=\"tiled-gallery__col\">&nbsp;<\/div>\r\n<div class=\"tiled-gallery__col\">&nbsp;<\/div>\r\n<\/div>\r\n<div class=\"tiled-gallery__row\">\r\n<div class=\"tiled-gallery__col\">&nbsp;<\/div>\r\n<div class=\"tiled-gallery__col\">&nbsp;<\/div>\r\n<\/div>\r\n<div class=\"tiled-gallery__row\">\r\n<div class=\"tiled-gallery__col\">&nbsp;<\/div>\r\n<div class=\"tiled-gallery__col\">&nbsp;<\/div>\r\n<div class=\"tiled-gallery__col\">&nbsp;<\/div>\r\n<\/div>\r\n<\/div>\r\n<\/div>\r\n","protected":false},"excerpt":{"rendered":"<p>immer am ersten Sonntag im Oktober &nbsp; Der Grundstein zum Hobby- und Bauernmarkt wurde 1993 bei der 1100-Jahr-Feier in Trimport gelegt. Damals wurden im ganzen Dorf an verschiedenen Orten die einzelnen Handwerksz\u00fcnfte vorgestellt, gezeigt und deren Erzeugnisse auch angeboten und verkauft. Nach der Feier waren sich alle einig, ein solches Fest zu wiederholen. Es entstand &hellip; <\/p>\n<p class=\"link-more\"><a href=\"https:\/\/www.trimport.de\/?page_id=187\" class=\"more-link\"><span class=\"screen-reader-text\">\u201eHobby- und Bauernmarkt\u201c <\/span>weiterlesen<\/a><\/p>\n","protected":false},"author":1,"featured_media":0,"parent":0,"menu_order":0,"comment_status":"closed","ping_status":"closed","template":"","meta":{"ngg_post_thumbnail":0,"footnotes":""},"class_list":["post-187","page","type-page","status-publish","hentry"],"_links":{"self":[{"href":"https:\/\/www.trimport.de\/index.php?rest_route=\/wp\/v2\/pages\/187","targetHints":{"allow":["GET"]}}],"collection":[{"href":"https:\/\/www.trimport.de\/index.php?rest_route=\/wp\/v2\/pages"}],"about":[{"href":"https:\/\/www.trimport.de\/index.php?rest_route=\/wp\/v2\/types\/page"}],"author":[{"embeddable":true,"href":"https:\/\/www.trimport.de\/index.php?rest_route=\/wp\/v2\/users\/1"}],"replies":[{"embeddable":true,"href":"https:\/\/www.trimport.de\/index.php?rest_route=%2Fwp%2Fv2%2Fcomments&post=187"}],"version-history":[{"count":6,"href":"https:\/\/www.trimport.de\/index.php?rest_route=\/wp\/v2\/pages\/187\/revisions"}],"predecessor-version":[{"id":913,"href":"https:\/\/www.trimport.de\/index.php?rest_route=\/wp\/v2\/pages\/187\/revisions\/913"}],"wp:attachment":[{"href":"https:\/\/www.trimport.de\/index.php?rest_route=%2Fwp%2Fv2%2Fmedia&parent=187"}],"curies":[{"name":"wp","href":"https:\/\/api.w.org\/{rel}","templated":true}]}}