{"id":496,"date":"2019-12-02T20:17:30","date_gmt":"2019-12-02T18:17:30","guid":{"rendered":"https:\/\/trimport.wordpress.com\/?page_id=496"},"modified":"2019-12-02T20:17:30","modified_gmt":"2019-12-02T18:17:30","slug":"dc-krkrkerh","status":"publish","type":"page","link":"https:\/\/www.trimport.de\/?page_id=496","title":{"rendered":"DC Smoking Darts e.V."},"content":{"rendered":"\n<div class=\"wp-block-image is-style-default\"><figure class=\"aligncenter size-large is-resized\"><a href=\"http:\/\/www.dcsmokingdartsev.de\/\"><img loading=\"lazy\" decoding=\"async\" src=\"http:\/\/start.trimport.de\/wp-content\/uploads\/2019\/12\/logo-dc-smoking-darts.jpg?w=258\" alt=\"\" class=\"wp-image-510\" width=\"376\" height=\"188\" \/><\/a><\/figure><\/div>\n\n\n\n<p>Der\u00a0Verein\u00a0ist von 10\u00a0Spielern, davon\u00a06 die sich\u00a0im Jahr 2011\u00a0von\u00a0einem regionalen\u00a0Verein\u00a0gel\u00f6st haben, \u00a0gegr\u00fcndet \u00a0worden. \u00a0Am \u00a05. M\u00e4rz \u00a02011 fand in Trimport die \u00a0erste \u00a0Vorstands- \u00a0und \u00a0Mitgliedersitzung \u00a0statt. \u00a0Im Zuge \u00a0dessen \u00a0wurde \u00a0festgelegt \u00a0welche \u00a0Umbauma\u00dfnahmen \u00a0der \u00a0von \u00a0der \u00a0Gemeinde zur \u00a0\u00a0Verf\u00fcgung \u00a0\u00a0gestellte \u00a0\u00a0Raum \u00a0\u00a0ben\u00f6tigt \u00a0\u00a0w\u00fcrde, \u00a0\u00a0um \u00a0\u00a0einen \u00a0\u00a0Spielbetrieb \u00a0\u00a0zu gew\u00e4hrleisten. Seit bestehen des Vereins haben wir einige Erfolge erzielen k\u00f6nnen, mitunter wurde unsere Erste Mannschaft in der Saison 2017-2018 Meister in der EHM (der Regionalen Liga). Der Verein hat aktuell \u00fcber 20 Mitglieder und ist stolz auf die Vielfalt, die im Verein vertreten ist. Wir sehen uns als einen famili\u00e4ren Verein, der jedem eine zweite Heimat bietet, der sich uns anschlie\u00dfen m\u00f6chte.<\/p>\n\n\n\n<p>Hier geht es zur Internetseite der <a href=\"http:\/\/www.dcsmokingdartsev.de\">Smoking Darts<\/a><\/p>\n","protected":false},"excerpt":{"rendered":"<p>Der\u00a0Verein\u00a0ist von 10\u00a0Spielern, davon\u00a06 die sich\u00a0im Jahr 2011\u00a0von\u00a0einem regionalen\u00a0Verein\u00a0gel\u00f6st haben, \u00a0gegr\u00fcndet \u00a0worden. \u00a0Am \u00a05. M\u00e4rz \u00a02011 fand in Trimport die \u00a0erste \u00a0Vorstands- \u00a0und \u00a0Mitgliedersitzung \u00a0statt. \u00a0Im Zuge \u00a0dessen \u00a0wurde \u00a0festgelegt \u00a0welche \u00a0Umbauma\u00dfnahmen \u00a0der \u00a0von \u00a0der \u00a0Gemeinde zur \u00a0\u00a0Verf\u00fcgung \u00a0\u00a0gestellte \u00a0\u00a0Raum \u00a0\u00a0ben\u00f6tigt \u00a0\u00a0w\u00fcrde, \u00a0\u00a0um \u00a0\u00a0einen \u00a0\u00a0Spielbetrieb \u00a0\u00a0zu gew\u00e4hrleisten. Seit bestehen des Vereins haben wir einige Erfolge &hellip; <\/p>\n<p class=\"link-more\"><a href=\"https:\/\/www.trimport.de\/?page_id=496\" class=\"more-link\"><span class=\"screen-reader-text\">\u201eDC Smoking Darts e.V.\u201c <\/span>weiterlesen<\/a><\/p>\n","protected":false},"author":1,"featured_media":0,"parent":0,"menu_order":0,"comment_status":"closed","ping_status":"closed","template":"","meta":{"ngg_post_thumbnail":0,"footnotes":""},"class_list":["post-496","page","type-page","status-publish","hentry"],"_links":{"self":[{"href":"https:\/\/www.trimport.de\/index.php?rest_route=\/wp\/v2\/pages\/496","targetHints":{"allow":["GET"]}}],"collection":[{"href":"https:\/\/www.trimport.de\/index.php?rest_route=\/wp\/v2\/pages"}],"about":[{"href":"https:\/\/www.trimport.de\/index.php?rest_route=\/wp\/v2\/types\/page"}],"author":[{"embeddable":true,"href":"https:\/\/www.trimport.de\/index.php?rest_route=\/wp\/v2\/users\/1"}],"replies":[{"embeddable":true,"href":"https:\/\/www.trimport.de\/index.php?rest_route=%2Fwp%2Fv2%2Fcomments&post=496"}],"version-history":[{"count":0,"href":"https:\/\/www.trimport.de\/index.php?rest_route=\/wp\/v2\/pages\/496\/revisions"}],"wp:attachment":[{"href":"https:\/\/www.trimport.de\/index.php?rest_route=%2Fwp%2Fv2%2Fmedia&parent=496"}],"curies":[{"name":"wp","href":"https:\/\/api.w.org\/{rel}","templated":true}]}}