{"id":635,"date":"2019-12-04T16:26:45","date_gmt":"2019-12-04T15:26:45","guid":{"rendered":"https:\/\/trimport.wordpress.com\/?page_id=635"},"modified":"2020-02-14T09:06:48","modified_gmt":"2020-02-14T09:06:48","slug":"brauchtum","status":"publish","type":"page","link":"https:\/\/www.trimport.de\/?page_id=635","title":{"rendered":"Brauchtum"},"content":{"rendered":"\r\n<h2>Schefsonntag<\/h2>\r\n<p>Am Schefsonntag, der erste Sonntag in der Fastenzeit, errichten die unverheirateten jungen M\u00e4nner der Gemeinde ein gro\u00dfes Holzkreuz, das mit Stroh umwickelt wird und vom Dorf aus gut sichtbar aufgestellt wird. Mit hereinbrechender Dunkelheit wir das Kreuz angez\u00fcndet und erleuchtet weithin in der Nacht.&nbsp;<\/p>\r\n<p>Vorher gab es schon die Versteigerung von Brennholz, das die Jugendlichen und jungen M\u00e4nner des Dorfes vorher aus dem Gemeindewald schlagen durften. Der Erl\u00f6s geht an die Jugendlichen.&nbsp; Zum Abschluss gibt es das tradionelle Eieressen, bei dem Ehepaar, das zuletzt geheiratet hat.<\/p>\r\n<p>&nbsp;<img loading=\"lazy\" decoding=\"async\" class=\"alignnone  wp-image-1086\" src=\"https:\/\/www.trimport.de\/wp-content\/uploads\/2020\/02\/IMG_4351-300x200.jpg\" alt=\"\" width=\"437\" height=\"291\" srcset=\"https:\/\/www.trimport.de\/wp-content\/uploads\/2020\/02\/IMG_4351-300x200.jpg 300w, https:\/\/www.trimport.de\/wp-content\/uploads\/2020\/02\/IMG_4351-1024x683.jpg 1024w, https:\/\/www.trimport.de\/wp-content\/uploads\/2020\/02\/IMG_4351-768x512.jpg 768w, https:\/\/www.trimport.de\/wp-content\/uploads\/2020\/02\/IMG_4351-1536x1024.jpg 1536w, https:\/\/www.trimport.de\/wp-content\/uploads\/2020\/02\/IMG_4351-2048x1365.jpg 2048w\" sizes=\"auto, (max-width: 437px) 100vw, 437px\" \/><\/p>\r\n\r\n\r\n\r\n<p>&nbsp;<\/p>\r\n<p>Kirmes<\/p>\r\n<p>Die Kirmes findet in Trimport immer am 3. Wochenende im Juli statt. Tradionell richtet die freiwillige Feuerwehr das Fest aus. Von Freitag bis Montag ist rund um das Gemeindehaus Kirmestreiben. Bierstand, Essenverkauf, und j\u00e4hrlich wechselnde Attraktionen locken immer auch viele Bewohner aus den umliegenden Ortschaften nach Trimport. Bei gutem Essen und Trinken kommt man sich im Gespr\u00e4ch n\u00e4her und f\u00fcr gute Stimmung wird mit Musik und verschiedenen Aktivit\u00e4ten gesorgt. Nette Leute und moderate Preise sind Trumpf in Trimport.<\/p>\r\n<p>&nbsp;<\/p>\r\n\r\n\r\n\r\n<p>1.Mai<\/p>\r\n<p>Am Vorabend zum 1. Mai wird von der Feuerwehr der Maibaum aufgestellt. Dieser wurde am Nachmittag im Gemeindewald geschlagen und entsprechend vorbereitet. Das Entrinden, Schm\u00fccken&nbsp; und Aufstellen erfordert viele helfende H\u00e4nde. Am Abend trifft man sich beim Feuerwehrger\u00e4tehaus zu einem Umtrunk und Gegrilltem.<\/p>\r\n<p>Nat\u00fcrlich muss der Maibaum dann auch in der Nacht bewacht werden, da es noch immer in der Eifel Brauch ist, zumindest den Versuch zu unternehmen, einen Maibaum in den Nachbard\u00f6rfern zu f\u00e4llen.<\/p>\r\nngg_shortcode_0_placeholder\r\n","protected":false},"excerpt":{"rendered":"<p>Schefsonntag Am Schefsonntag, der erste Sonntag in der Fastenzeit, errichten die unverheirateten jungen M\u00e4nner der Gemeinde ein gro\u00dfes Holzkreuz, das mit Stroh umwickelt wird und vom Dorf aus gut sichtbar aufgestellt wird. Mit hereinbrechender Dunkelheit wir das Kreuz angez\u00fcndet und erleuchtet weithin in der Nacht.&nbsp; Vorher gab es schon die Versteigerung von Brennholz, das die &hellip; <\/p>\n<p class=\"link-more\"><a href=\"https:\/\/www.trimport.de\/?page_id=635\" class=\"more-link\"><span class=\"screen-reader-text\">\u201eBrauchtum\u201c <\/span>weiterlesen<\/a><\/p>\n","protected":false},"author":1,"featured_media":0,"parent":0,"menu_order":0,"comment_status":"closed","ping_status":"closed","template":"","meta":{"ngg_post_thumbnail":0,"footnotes":""},"class_list":["post-635","page","type-page","status-publish","hentry"],"_links":{"self":[{"href":"https:\/\/www.trimport.de\/index.php?rest_route=\/wp\/v2\/pages\/635","targetHints":{"allow":["GET"]}}],"collection":[{"href":"https:\/\/www.trimport.de\/index.php?rest_route=\/wp\/v2\/pages"}],"about":[{"href":"https:\/\/www.trimport.de\/index.php?rest_route=\/wp\/v2\/types\/page"}],"author":[{"embeddable":true,"href":"https:\/\/www.trimport.de\/index.php?rest_route=\/wp\/v2\/users\/1"}],"replies":[{"embeddable":true,"href":"https:\/\/www.trimport.de\/index.php?rest_route=%2Fwp%2Fv2%2Fcomments&post=635"}],"version-history":[{"count":8,"href":"https:\/\/www.trimport.de\/index.php?rest_route=\/wp\/v2\/pages\/635\/revisions"}],"predecessor-version":[{"id":1125,"href":"https:\/\/www.trimport.de\/index.php?rest_route=\/wp\/v2\/pages\/635\/revisions\/1125"}],"wp:attachment":[{"href":"https:\/\/www.trimport.de\/index.php?rest_route=%2Fwp%2Fv2%2Fmedia&parent=635"}],"curies":[{"name":"wp","href":"https:\/\/api.w.org\/{rel}","templated":true}]}}