{"id":90,"date":"2019-11-22T22:46:18","date_gmt":"2019-11-22T20:46:18","guid":{"rendered":"https:\/\/trimport.wordpress.com\/?page_id=90"},"modified":"2020-05-22T12:35:45","modified_gmt":"2020-05-22T12:35:45","slug":"neubaugebiet","status":"publish","type":"page","link":"https:\/\/www.trimport.de\/?page_id=90","title":{"rendered":"Neubaugebiet"},"content":{"rendered":"\r\n<p><strong>Hier ist Platz f\u00fcr Familien<\/strong><\/p>\r\n\r\n\r\n\r\n<p>Im Sommer 2012 hat die Ortsgemeinde mit der Erschlie\u00dfung eines neuen Baugebietes begonnen. Im ersten Bauabschnitt wurden jetzt die ersten 8 von 14 Baustellen erschlossen. Die Baustellen befinden sich in sehr ruhiger und sch\u00f6ner Lage und stehen in einer Gr\u00f6\u00dfenordnung zwischen 428 und 810 qm zur Verf\u00fcgung. Kosten: 71,00 Euro pro qm. Im ersten Bauabschnitt sind inzwischen alle Baustellen vergeben.<\/p>\r\n<p>Das Neubaugebiet ist vom Spielplatz nur etwa 150 m entfernt. Die Lage am Dorfrand ohne Durchgangsverkehr in einer 30 Km\/h-Zone macht auch das Spielen auf der Stra\u00dfe f\u00fcr die Kinder m\u00f6glich.<\/p>\r\n\r\n\r\n\r\n<p>Auf Grund der g\u00fcnstigen geografischen Lage sind die Arbeitspl\u00e4tze in Trier (20 km), in Bitburg (10 km) Luxemburg (ab 15 km) nicht sehr weit weg und durch die sehr gute Verkehrsanbindung gut und schnell erreichbar.<\/p>\r\n<p><strong>Seit kurzem sind alle Baustellen im ertsen Bauabschnitt des Neubaugebietes verkauft.<\/strong><\/p>\r\nngg_shortcode_0_placeholder\r\n\r\n\r\n\r\n\r\n\r\n\r\n\r\n<figure class=\"wp-block-image\"><img decoding=\"async\" class=\"wp-image-138\" src=\"http:\/\/start.trimport.de\/wp-content\/uploads\/2019\/11\/10dieverw-plan1.jpg?w=525\" alt=\"\">\r\n<figcaption>Allplan Plan<\/figcaption>\r\n<\/figure>\r\n\r\n\r\n\r\n<p>Nachfragen und weitere Informationen k\u00f6nnen per E-Mail beim&nbsp;<a href=\"mailto:buergermeister@trimport.de\">Ortsb\u00fcrgermeister<\/a>&nbsp;eingeholt werden.<br><br>Nachfolgend k\u00f6nnen weitere Dokumente zum Bebauungsplan geladen werden: <a href=\"https:\/\/bitburgerland.de\/fileadmin\/bilder\/ortsgemeinden\/gemeinden\/trimport\/10Dieverw-Textf.pdf\">Bebauungsplan<\/a><\/p>\r\n","protected":false},"excerpt":{"rendered":"<p>Hier ist Platz f\u00fcr Familien Im Sommer 2012 hat die Ortsgemeinde mit der Erschlie\u00dfung eines neuen Baugebietes begonnen. Im ersten Bauabschnitt wurden jetzt die ersten 8 von 14 Baustellen erschlossen. Die Baustellen befinden sich in sehr ruhiger und sch\u00f6ner Lage und stehen in einer Gr\u00f6\u00dfenordnung zwischen 428 und 810 qm zur Verf\u00fcgung. Kosten: 71,00 Euro &hellip; <\/p>\n<p class=\"link-more\"><a href=\"https:\/\/www.trimport.de\/?page_id=90\" class=\"more-link\"><span class=\"screen-reader-text\">\u201eNeubaugebiet\u201c <\/span>weiterlesen<\/a><\/p>\n","protected":false},"author":1,"featured_media":0,"parent":0,"menu_order":0,"comment_status":"closed","ping_status":"closed","template":"","meta":{"ngg_post_thumbnail":0,"footnotes":""},"class_list":["post-90","page","type-page","status-publish","hentry"],"_links":{"self":[{"href":"https:\/\/www.trimport.de\/index.php?rest_route=\/wp\/v2\/pages\/90","targetHints":{"allow":["GET"]}}],"collection":[{"href":"https:\/\/www.trimport.de\/index.php?rest_route=\/wp\/v2\/pages"}],"about":[{"href":"https:\/\/www.trimport.de\/index.php?rest_route=\/wp\/v2\/types\/page"}],"author":[{"embeddable":true,"href":"https:\/\/www.trimport.de\/index.php?rest_route=\/wp\/v2\/users\/1"}],"replies":[{"embeddable":true,"href":"https:\/\/www.trimport.de\/index.php?rest_route=%2Fwp%2Fv2%2Fcomments&post=90"}],"version-history":[{"count":7,"href":"https:\/\/www.trimport.de\/index.php?rest_route=\/wp\/v2\/pages\/90\/revisions"}],"predecessor-version":[{"id":1303,"href":"https:\/\/www.trimport.de\/index.php?rest_route=\/wp\/v2\/pages\/90\/revisions\/1303"}],"wp:attachment":[{"href":"https:\/\/www.trimport.de\/index.php?rest_route=%2Fwp%2Fv2%2Fmedia&parent=90"}],"curies":[{"name":"wp","href":"https:\/\/api.w.org\/{rel}","templated":true}]}}