{"id":97,"date":"2019-11-22T23:44:14","date_gmt":"2019-11-22T21:44:14","guid":{"rendered":"https:\/\/trimport.wordpress.com\/?page_id=97"},"modified":"2019-11-22T23:44:14","modified_gmt":"2019-11-22T21:44:14","slug":"dorfchronik-und-geschichte","status":"publish","type":"page","link":"https:\/\/www.trimport.de\/?page_id=97","title":{"rendered":"Geschichte  Brauchtum"},"content":{"rendered":"\n<h2 class=\"wp-block-heading\">Wappen<\/h2>\n\n\n\n<p><strong>Wappenbeschreibung:<\/strong><br>Hinweis auf die Zugeh\u00f6rigkeit zum Herzogtum Luxemburg ist der von silber und<br>blau geteilte Schild.  Hinweis auf die Kirchenpatronin, die heilige Katharina, ist das Wagenrad in rot, w\u00e4hrend das rote Schildchen auf die Grafen von Vianden hinweist.\u00a0Der Flaggenstock mit durchgehendem roten Kreuz in silberner<br>Hissflagge tr\u00e4gt die Farben der Abtei Pr\u00fcm und weist auf die Zugeh\u00f6rigkeit zur<br>Reichsabtei hin.<\/p>\n\n\n\n<figure class=\"wp-block-image\"><a href=\"https:\/\/bitburgerland.de\/fileadmin\/_migrated\/pics\/Wappen_g_Trimport.jpg\" target=\"_blank\" rel=\"noreferrer noopener\"><img decoding=\"async\" src=\"https:\/\/bitburgerland.de\/fileadmin\/_migrated\/pics\/Wappen_g_Trimport.jpg\" alt=\"\" \/><\/a><\/figure>\n","protected":false},"excerpt":{"rendered":"<p>Wappen Wappenbeschreibung:Hinweis auf die Zugeh\u00f6rigkeit zum Herzogtum Luxemburg ist der von silber undblau geteilte Schild. Hinweis auf die Kirchenpatronin, die heilige Katharina, ist das Wagenrad in rot, w\u00e4hrend das rote Schildchen auf die Grafen von Vianden hinweist.\u00a0Der Flaggenstock mit durchgehendem roten Kreuz in silbernerHissflagge tr\u00e4gt die Farben der Abtei Pr\u00fcm und weist auf die Zugeh\u00f6rigkeit &hellip; <\/p>\n<p class=\"link-more\"><a href=\"https:\/\/www.trimport.de\/?page_id=97\" class=\"more-link\"><span class=\"screen-reader-text\">\u201eGeschichte  Brauchtum\u201c <\/span>weiterlesen<\/a><\/p>\n","protected":false},"author":1,"featured_media":0,"parent":0,"menu_order":0,"comment_status":"closed","ping_status":"closed","template":"","meta":{"ngg_post_thumbnail":0,"footnotes":""},"class_list":["post-97","page","type-page","status-publish","hentry"],"_links":{"self":[{"href":"https:\/\/www.trimport.de\/index.php?rest_route=\/wp\/v2\/pages\/97","targetHints":{"allow":["GET"]}}],"collection":[{"href":"https:\/\/www.trimport.de\/index.php?rest_route=\/wp\/v2\/pages"}],"about":[{"href":"https:\/\/www.trimport.de\/index.php?rest_route=\/wp\/v2\/types\/page"}],"author":[{"embeddable":true,"href":"https:\/\/www.trimport.de\/index.php?rest_route=\/wp\/v2\/users\/1"}],"replies":[{"embeddable":true,"href":"https:\/\/www.trimport.de\/index.php?rest_route=%2Fwp%2Fv2%2Fcomments&post=97"}],"version-history":[{"count":0,"href":"https:\/\/www.trimport.de\/index.php?rest_route=\/wp\/v2\/pages\/97\/revisions"}],"wp:attachment":[{"href":"https:\/\/www.trimport.de\/index.php?rest_route=%2Fwp%2Fv2%2Fmedia&parent=97"}],"curies":[{"name":"wp","href":"https:\/\/api.w.org\/{rel}","templated":true}]}}